{"id":668,"date":"2010-09-15T08:20:47","date_gmt":"2010-09-15T08:20:47","guid":{"rendered":"http:\/\/elegantthemes.com\/preview\/DeepFocus\/?page_id=233"},"modified":"2023-08-13T20:36:01","modified_gmt":"2023-08-13T23:36:01","slug":"who-i-am","status":"publish","type":"page","link":"https:\/\/adesgrs.org.br\/?page_id=668","title":{"rendered":"Apoiadores"},"content":{"rendered":"<h5 style=\"text-align: justify;\"><em><strong><span style=\"text-align: justify;\">A ADESG RS viabiliza muito das suas atividades atrav\u00e9s do fundamental apoio dessas empresas. Se voc\u00ea deseja, de alguma forma, participar e colaborar com a nossa entidade, anuncie conosco! <\/span><\/strong><\/em><\/h5>\n<p style=\"text-align: justify;\"><span style=\"text-align: justify;\">S\u00e3o milhares de formadores de opini\u00e3o espalhados pelo estado do Rio Grande do Sul e pelo Brasil a fora. Hoje, temos um cadastro com mais de 8.000 Adesguianos. S\u00e3o advogados, engenheiros, jornalistas, empres\u00e1rios, m\u00e9dicos, militares, funcion\u00e1rios p\u00fablicos e tantos outros intelectuais. Como funciona nossa pol\u00edtica de publicidade? Quaisquer organiza\u00e7\u00f5es p\u00fablicas ou privadas poder\u00e3o contratar espa\u00e7os de publicidade no site da entidade, observando as seguintes condi\u00e7\u00f5es:<\/span><\/p>\n<p style=\"text-align: justify;\"><strong>Exposi\u00e7\u00e3o de um banner simples<\/strong> &#8211; Imagem est\u00e1tica ou animada, de 60 pixels de altura por 120 ou 240 pixels de largura, em formato GIF ou FLASH, a ser apresentada, com tamanho m\u00e1ximo de 30Kbytes, dentro do espa\u00e7o comercial do site. A imagem dever\u00e1 reproduzir a marca do anunciante e\/ou sua mensagem publicit\u00e1ria. Poder\u00e1 ser vinculada ao endere\u00e7o ou e-mail do anunciante.<\/p>\n<p><strong>Nossos apoiadores:<\/strong><\/p>\n<table style=\"width: 651px; height: 498px;\" border=\"0\" width=\"588\" cellspacing=\"3\" cellpadding=\"0\">\n<tbody>\n<tr style=\"height: 137px;\">\n<td style=\"width: 51.0274%; height: 137px;\"><img loading=\"lazy\" decoding=\"async\" class=\"aligncenter\" src=\"https:\/\/adesgrs.org.br\/wp-content\/uploads\/2020\/04\/gerdau1.jpg\" width=\"333\" height=\"132\" \/><\/td>\n<td style=\"width: 47.089%; height: 137px;\">\u00a0<a href=\"http:\/\/www.gboex.com.br\/\" target=\"_blank\" rel=\"noopener noreferrer\"><img loading=\"lazy\" decoding=\"async\" class=\" wp-image-760 aligncenter\" title=\"gboex\" src=\"https:\/\/adesgrs.org.br\/wp-content\/uploads\/2012\/12\/gboex.jpg\" alt=\"\" width=\"148\" height=\"112\" \/><\/a><\/td>\n<\/tr>\n<tr style=\"height: 178px;\">\n<td style=\"width: 51.0274%; height: 178px;\"><a href=\" http:\/\/www.bankfort.com.br\/\"><img loading=\"lazy\" decoding=\"async\" class=\"wp-image-2373  aligncenter\" src=\"https:\/\/adesgrs.org.br\/wp-content\/uploads\/2020\/03\/bankfort.png\" alt=\"\" width=\"270\" height=\"172\" \/><\/a><\/td>\n<td style=\"width: 47.089%; height: 178px;\"><a href=\"http:\/\/www.ciee-rs.org.br\" target=\"_blank\" rel=\"noopener noreferrer\"><img loading=\"lazy\" decoding=\"async\" class=\" wp-image-758 aligncenter\" title=\"ciee\" src=\"https:\/\/adesgrs.org.br\/wp-content\/uploads\/2012\/12\/ciee.jpg\" alt=\"\" width=\"277\" height=\"123\" \/><\/a><\/td>\n<\/tr>\n<tr style=\"height: 148px;\">\n<td style=\"width: 51.0274%; height: 148px;\">\n<p><a href=\"https:\/\/www.poupex.com.br\/\"><img loading=\"lazy\" decoding=\"async\" class=\"aligncenter\" src=\"https:\/\/adesgrs.org.br\/wp-content\/uploads\/2023\/08\/Logo-POUPEX.gif\" alt=\"O atributo alt desta imagem est\u00e1 vazio. O nome do arquivo \u00e9 Logo-POUPEX.gif\" width=\"231\" height=\"162\" \/><\/a><\/p>\n<\/td>\n<td style=\"width: 47.089%; height: 148px;\">\u00a0<\/td>\n<\/tr>\n<\/tbody>\n<\/table>\n<p>\u00a0<\/p>\n\n\n<figure class=\"wp-block-gallery has-nested-images columns-default is-cropped wp-block-gallery-1 is-layout-flex wp-block-gallery-is-layout-flex\"><\/figure>\n\n\n\n<p>&nbsp;<\/p>\n","protected":false},"excerpt":{"rendered":"<p>A ADESG RS viabiliza muito das suas atividades atrav\u00e9s do fundamental apoio dessas empresas. Se&#8230;<\/p>\n","protected":false},"author":1,"featured_media":0,"parent":0,"menu_order":0,"comment_status":"closed","ping_status":"closed","template":"","meta":{"footnotes":""},"class_list":["post-668","page","type-page","status-publish","hentry"],"_links":{"self":[{"href":"https:\/\/adesgrs.org.br\/index.php?rest_route=\/wp\/v2\/pages\/668","targetHints":{"allow":["GET"]}}],"collection":[{"href":"https:\/\/adesgrs.org.br\/index.php?rest_route=\/wp\/v2\/pages"}],"about":[{"href":"https:\/\/adesgrs.org.br\/index.php?rest_route=\/wp\/v2\/types\/page"}],"author":[{"embeddable":true,"href":"https:\/\/adesgrs.org.br\/index.php?rest_route=\/wp\/v2\/users\/1"}],"replies":[{"embeddable":true,"href":"https:\/\/adesgrs.org.br\/index.php?rest_route=%2Fwp%2Fv2%2Fcomments&post=668"}],"version-history":[{"count":43,"href":"https:\/\/adesgrs.org.br\/index.php?rest_route=\/wp\/v2\/pages\/668\/revisions"}],"predecessor-version":[{"id":3274,"href":"https:\/\/adesgrs.org.br\/index.php?rest_route=\/wp\/v2\/pages\/668\/revisions\/3274"}],"wp:attachment":[{"href":"https:\/\/adesgrs.org.br\/index.php?rest_route=%2Fwp%2Fv2%2Fmedia&parent=668"}],"curies":[{"name":"wp","href":"https:\/\/api.w.org\/{rel}","templated":true}]}}